{"id":218,"date":"2025-04-04T18:32:57","date_gmt":"2025-04-04T18:32:57","guid":{"rendered":"https:\/\/iasrr.com\/2025\/?page_id=218"},"modified":"2025-04-04T18:52:16","modified_gmt":"2025-04-04T18:52:16","slug":"aluminio-extruido","status":"publish","type":"page","link":"https:\/\/iasrr.com\/2025\/aluminio-extruido\/","title":{"rendered":"Aluminio Extruido"},"content":{"rendered":"\n<figure class=\"wp-block-image size-full gtfy-1\"><img loading=\"lazy\" decoding=\"async\" width=\"958\" height=\"306\" src=\"https:\/\/iasrr.com\/2025\/wp-content\/uploads\/2025\/04\/aluminio-extruido.jpg\" alt=\"\" class=\"wp-image-224\" srcset=\"https:\/\/iasrr.com\/2025\/wp-content\/uploads\/2025\/04\/aluminio-extruido.jpg 958w, https:\/\/iasrr.com\/2025\/wp-content\/uploads\/2025\/04\/aluminio-extruido-300x96.jpg 300w, https:\/\/iasrr.com\/2025\/wp-content\/uploads\/2025\/04\/aluminio-extruido-768x245.jpg 768w\" sizes=\"auto, (max-width: 958px) 100vw, 958px\" \/><\/figure>\n\n\n\n<p class=\"gtfy-4\"><strong>1. Descripci\u00f3n general<\/strong><\/p>\n\n\n\n<p class=\"gtfy-7\"><strong>Perfiles de Aluminio Extruido: Innovaci\u00f3n y Eficiencia en la Industria<\/strong><br>Los perfiles de aluminio extruido son una soluci\u00f3n vers\u00e1til y resistente para la fabricaci\u00f3n de estructuras industriales. Gracias a su dise\u00f1o modular y su alta durabilidad, estos perfiles permiten construir mesas de trabajo, conveyors, racks, estaciones de trabajo y muchas otras aplicaciones sin necesidad de soldadura.<\/p>\n\n\n\n<p class=\"gtfy-10\"><strong>Ventajas de los Perfiles de Aluminio Extruido<\/strong><br>\u2714\ufe0f Durabilidad y resistencia: Fabricados con aleaciones de alta calidad, los perfiles de aluminio extruido resisten la corrosi\u00f3n y el desgaste, garantizando una larga vida \u00fatil en entornos industriales.<br>\u2714\ufe0f Ligereza y versatilidad: A pesar de su resistencia, el aluminio es un material ligero que facilita el transporte y la manipulaci\u00f3n, optimizando los procesos de ensamblaje y reconfiguraci\u00f3n.<br>\u2714\ufe0f F\u00e1cil ensamblaje sin soldadura: Su dise\u00f1o modular permite unir perfiles mediante conectores y accesorios especializados, eliminando la necesidad de soldadura y reduciendo costos de instalaci\u00f3n.<br>\u2714\ufe0f Amplia gama de aplicaciones: Se utilizan en diversas industrias para la fabricaci\u00f3n de estructuras personalizadas, como mesas de trabajo ajustables, sistemas de transporte (conveyors), racks de almacenamiento y estaciones de trabajo ergon\u00f3micas.<\/p>\n\n\n\n<p class=\"gtfy-13\"><strong>2. Cat\u00e1logo de perfiles<\/strong><br>\u2022\u00a020mm x 20mm x 6mts<br>\u2022\u00a030mm x 30mm x 6 mts<br>\u2022\u00a040mm x 40mm x 6 mts<br>\u2022\u00a045mm x 45mm x 6 mts<br>\u2022\u00a045mm x 90mm x 6 mts<br>\u2022\u00a060mm x 60mm x 6mts<br>\u2022\u00a030mm x 30mm R<br>\u2022\u00a040mm x 40mm R<\/p>\n\n\n\n<p class=\"gtfy-16\"><strong><a href=\"https:\/\/iasrr.com\/2025\/accesorios\/\">3. Accesorios y complementos<\/a><\/strong><br>Tambi\u00e9n mencionar que ofrecemos accesorios como tuercas, bisagras, conectores, uniones, bases y ruedas. <a href=\"https:\/\/iasrr.com\/2025\/accesorios\/\" data-type=\"page\" data-id=\"84\">Ver m\u00e1s<\/a><\/p>\n\n\n\n<div class=\"wp-block-contact-form-7-contact-form-selector gtfy-19\">\n<div class=\"wpcf7 no-js\" id=\"wpcf7-f226-o1\" lang=\"es-ES\" dir=\"ltr\" data-wpcf7-id=\"226\">\n<div class=\"screen-reader-response\"><p role=\"status\" aria-live=\"polite\" aria-atomic=\"true\"><\/p> <ul><\/ul><\/div>\n<form action=\"\/2025\/wp-json\/wp\/v2\/pages\/218#wpcf7-f226-o1\" method=\"post\" class=\"wpcf7-form init\" aria-label=\"Formulario de contacto\" novalidate=\"novalidate\" data-status=\"init\">\n<fieldset class=\"hidden-fields-container\"><input type=\"hidden\" name=\"_wpcf7\" value=\"226\" \/><input type=\"hidden\" name=\"_wpcf7_version\" value=\"6.1.5\" \/><input type=\"hidden\" name=\"_wpcf7_locale\" value=\"es_ES\" \/><input type=\"hidden\" name=\"_wpcf7_unit_tag\" value=\"wpcf7-f226-o1\" \/><input type=\"hidden\" name=\"_wpcf7_container_post\" value=\"0\" \/><input type=\"hidden\" name=\"_wpcf7_posted_data_hash\" value=\"\" \/><input type=\"hidden\" name=\"_wpcf7_recaptcha_response\" value=\"\" \/>\n<\/fieldset>\n<p><label> Tu nombre<br \/>\n<span class=\"wpcf7-form-control-wrap\" data-name=\"your-name\"><input size=\"40\" maxlength=\"400\" class=\"wpcf7-form-control wpcf7-text wpcf7-validates-as-required\" autocomplete=\"name\" aria-required=\"true\" aria-invalid=\"false\" value=\"\" type=\"text\" name=\"your-name\" \/><\/span> <\/label>\n<\/p>\n<p><label> Tu correo electr\u00f3nico<br \/>\n<span class=\"wpcf7-form-control-wrap\" data-name=\"your-email\"><input size=\"40\" maxlength=\"400\" class=\"wpcf7-form-control wpcf7-email wpcf7-validates-as-required wpcf7-text wpcf7-validates-as-email\" autocomplete=\"email\" aria-required=\"true\" aria-invalid=\"false\" value=\"\" type=\"email\" name=\"your-email\" \/><\/span> <\/label>\n<\/p>\n<p><label> Estoy interesado en: <span class=\"wpcf7-form-control-wrap\" data-name=\"Opciones\"><select class=\"wpcf7-form-control wpcf7-select wpcf7-validates-as-required\" aria-required=\"true\" aria-invalid=\"false\" name=\"Opciones\"><option value=\"\">Perfiles 20mm x 20mm x 6mts<\/option><option value=\"Perfiles 30mm x 30mm x 6 mts\">Perfiles 30mm x 30mm x 6 mts<\/option><option value=\"Perfiles 40mm x 40mm x 6 mts\">Perfiles 40mm x 40mm x 6 mts<\/option><option value=\"Perfiles 45mm x 45mm x 6 mts\">Perfiles 45mm x 45mm x 6 mts<\/option><option value=\"Perfiles 45mm x 90mm x 6 mts\">Perfiles 45mm x 90mm x 6 mts<\/option><option value=\"Perfiles 60mm x 60mm x 6mts\">Perfiles 60mm x 60mm x 6mts<\/option><option value=\"Perfiles 30mm x 30mm R\">Perfiles 30mm x 30mm R<\/option><option value=\"Perfiles 40mm x 40mm R\">Perfiles 40mm x 40mm R<\/option><\/select><\/span> <\/label>\n<\/p>\n<p><label> Tu mensaje (opcional)<br \/>\n<span class=\"wpcf7-form-control-wrap\" data-name=\"your-message\"><textarea cols=\"40\" rows=\"10\" maxlength=\"2000\" class=\"wpcf7-form-control wpcf7-textarea\" aria-invalid=\"false\" name=\"your-message\"><\/textarea><\/span> <\/label>\n<\/p>\n<p><input class=\"wpcf7-form-control wpcf7-submit has-spinner\" type=\"submit\" value=\"Enviar\" \/>\n<\/p><div class=\"wpcf7-response-output\" aria-hidden=\"true\"><\/div>\n<\/form>\n<\/div>\n<\/div>\n\n\n\n<p class=\"gtfy-22\"><\/p>\n","protected":false},"excerpt":{"rendered":"<p>1. Descripci\u00f3n general Perfiles de Aluminio Extruido: Innovaci\u00f3n y Eficiencia en la IndustriaLos perfiles de [&hellip;]<\/p>\n","protected":false},"author":1,"featured_media":0,"parent":0,"menu_order":0,"comment_status":"closed","ping_status":"closed","template":"","meta":{"_gutenify_countdown_timer_type":"fixed","_gutenify_countdown_timer_evergreen_hours":24,"_gutenify_countdown_timer_evergreen_minutes":0,"_gutenify_countdown_timer_date":"","_gutenify_countdown_timer_timezone":"US\/Eastern","_gutenify_countdown_timer_end_action":"none","_gutenify_countdown_timer_hide_selector":"","_gutenify_countdown_timer_redirect_url":"","footnotes":""},"class_list":["post-218","page","type-page","status-publish","hentry"],"_links":{"self":[{"href":"https:\/\/iasrr.com\/2025\/wp-json\/wp\/v2\/pages\/218","targetHints":{"allow":["GET"]}}],"collection":[{"href":"https:\/\/iasrr.com\/2025\/wp-json\/wp\/v2\/pages"}],"about":[{"href":"https:\/\/iasrr.com\/2025\/wp-json\/wp\/v2\/types\/page"}],"author":[{"embeddable":true,"href":"https:\/\/iasrr.com\/2025\/wp-json\/wp\/v2\/users\/1"}],"replies":[{"embeddable":true,"href":"https:\/\/iasrr.com\/2025\/wp-json\/wp\/v2\/comments?post=218"}],"version-history":[{"count":7,"href":"https:\/\/iasrr.com\/2025\/wp-json\/wp\/v2\/pages\/218\/revisions"}],"predecessor-version":[{"id":230,"href":"https:\/\/iasrr.com\/2025\/wp-json\/wp\/v2\/pages\/218\/revisions\/230"}],"wp:attachment":[{"href":"https:\/\/iasrr.com\/2025\/wp-json\/wp\/v2\/media?parent=218"}],"curies":[{"name":"wp","href":"https:\/\/api.w.org\/{rel}","templated":true}]}}