{"id":82,"date":"2025-03-19T16:00:44","date_gmt":"2025-03-19T16:00:44","guid":{"rendered":"https:\/\/iasrr.com\/2025\/?page_id=82"},"modified":"2025-04-04T21:10:40","modified_gmt":"2025-04-04T21:10:40","slug":"fabricacion","status":"publish","type":"page","link":"https:\/\/iasrr.com\/2025\/fabricacion\/","title":{"rendered":"Fabricacion"},"content":{"rendered":"\n<figure class=\"wp-block-image size-full gtfy-1\"><img loading=\"lazy\" decoding=\"async\" width=\"958\" height=\"306\" src=\"https:\/\/iasrr.com\/2025\/wp-content\/uploads\/2025\/03\/aluminio.jpg\" alt=\"\" class=\"wp-image-145\" srcset=\"https:\/\/iasrr.com\/2025\/wp-content\/uploads\/2025\/03\/aluminio.jpg 958w, https:\/\/iasrr.com\/2025\/wp-content\/uploads\/2025\/03\/aluminio-300x96.jpg 300w, https:\/\/iasrr.com\/2025\/wp-content\/uploads\/2025\/03\/aluminio-768x245.jpg 768w\" sizes=\"auto, (max-width: 958px) 100vw, 958px\" \/><\/figure>\n\n\n\n<h4 class=\"wp-block-heading gtfy-4\"><strong>Fabricaciones Industriales en Aluminio Extruido, Pl\u00e1sticos de Ingenier\u00eda y Acero Inoxidable<\/strong><\/h4>\n\n\n\n<p class=\"gtfy-7\">En <strong>Industrial Automation Supply<\/strong>, somos especialistas en el dise\u00f1o y fabricaci\u00f3n de soluciones industriales personalizadas, enfocadas en satisfacer los altos est\u00e1ndares de calidad que exige la industria manufacturera global.<\/p>\n\n\n\n<p class=\"gtfy-10\">Nuestros clientes son empresas globales del sector manufacturero, ubicadas principalmente en Ciudad Ju\u00e1rez, as\u00ed como en Chihuahua y El Paso, Texas.<\/p>\n\n\n\n<p class=\"gtfy-13\">Utilizamos materiales de alto desempe\u00f1o como <strong>aluminio extruido<\/strong>, <strong>pl\u00e1sticos de ingenier\u00eda<\/strong> (Lexan, G10, PVC, baquelita, Delrin, entre otros) y <strong>acero inoxidable<\/strong>, para desarrollar estructuras robustas, funcionales y completamente adaptadas a las necesidades de cada cliente, dependiendo del tipo de producto y proceso.<\/p>\n\n\n\n<div class=\"wp-block-kadence-accordion alignnone gtfy-23\"><div class=\"kt-accordion-wrap kt-accordion-id82_0897a9-c7 kt-accordion-has-3-panes kt-active-pane-0 kt-accordion-block kt-pane-header-alignment-left kt-accodion-icon-style-basic kt-accodion-icon-side-right\" style=\"max-width:none\"><div class=\"kt-accordion-inner-wrap\" data-allow-multiple-open=\"false\" data-start-open=\"0\">\n<div class=\"wp-block-kadence-pane kt-accordion-pane kt-accordion-pane-1 kt-pane82_f21fef-d7 gtfy-17\"><div class=\"kt-accordion-header-wrap\"><button class=\"kt-blocks-accordion-header kt-acccordion-button-label-show\" type=\"button\"><span class=\"kt-blocks-accordion-title-wrap\"><span class=\"kt-blocks-accordion-title\"><strong>\u00bfQu\u00e9 fabricamos?<\/strong><\/span><\/span><span class=\"kt-blocks-accordion-icon-trigger\"><\/span><\/button><\/div><div class=\"kt-accordion-panel kt-accordion-panel-hidden\"><div class=\"kt-accordion-panel-inner\">\n<p class=\"gtfy-16\">\ud83d\udd39 <strong>Mesas de trabajo industriales<\/strong> \u2013 Ergonom\u00eda y resistencia con acabados de acero inoxidable y protecciones en pl\u00e1sticos de ingenier\u00eda.<br>\ud83d\udd39 <strong>Racks y sistemas de almacenamiento<\/strong> \u2013 Soluciones modulares personalizadas para maximizar el orden y la eficiencia.<br>\ud83d\udd39 <strong>Conveyors y transportadores<\/strong> \u2013 Sistemas para movimiento de materiales, de rodillos, cadena o banda, fabricados a la medida.<br>\ud83d\udd39 <strong>Carros para transporte de materiales<\/strong> \u2013 Modelos dise\u00f1ados espec\u00edficamente para las dimensiones y cargas requeridas.<br>\ud83d\udd39 <strong>Estaciones de trabajo personalizadas<\/strong> \u2013 Optimizadas para la seguridad y comodidad del operario.<br>\ud83d\udd39 <strong>Mesas con elevaci\u00f3n el\u00e9ctrica<\/strong> \u2013 Ajuste ergon\u00f3mico automatizado para entornos industriales.<br>\ud83d\udd39 <strong>Escritorios industriales<\/strong> \u2013 Fabricados en aluminio con superficies de acero inoxidable.<br>\ud83d\udd39 <strong>Elevadores de material<\/strong> \u2013 Para movimientos verticales seguros y eficientes.<br>\ud83d\udd39 <strong>Escaleras industriales<\/strong> \u2013 Ligeras, resistentes y anticorrosivas.<br>\ud83d\udd39 <strong>Estructuras especiales<\/strong> \u2013 Bastidores, guardas y m\u00e1s, seg\u00fan requerimientos t\u00e9cnicos espec\u00edficos.<\/p>\n<\/div><\/div><\/div>\n\n\n\n<div class=\"wp-block-kadence-pane kt-accordion-pane kt-accordion-pane-2 kt-pane82_b69461-ae gtfy-20\"><div class=\"kt-accordion-header-wrap\"><button class=\"kt-blocks-accordion-header kt-acccordion-button-label-show\" type=\"button\"><span class=\"kt-blocks-accordion-title-wrap\"><span class=\"kt-blocks-accordion-title\"><strong>Ventajas del Aluminio Extruido<\/strong><\/span><\/span><span class=\"kt-blocks-accordion-icon-trigger\"><\/span><\/button><\/div><div class=\"kt-accordion-panel kt-accordion-panel-hidden\"><div class=\"kt-accordion-panel-inner\">\n<p class=\"gtfy-18\">El aluminio extruido es el material ideal para aplicaciones industriales gracias a su versatilidad y rendimiento. Entre sus principales beneficios se encuentran:<\/p>\n\n\n\n<p class=\"gtfy-19\">\u2714\ufe0f <strong>Ligereza con alta resistencia<\/strong> \u2013 Permite estructuras robustas pero f\u00e1ciles de mover o reconfigurar.<br>\u2714\ufe0f <strong>Resistencia a la corrosi\u00f3n<\/strong> \u2013 Ideal para ambientes industriales donde se requiere durabilidad sin oxidaci\u00f3n.<br>\u2714\ufe0f <strong>Modularidad<\/strong> \u2013 Su dise\u00f1o tipo \u201cperfil ranurado\u201d facilita el ensamble y modificaciones sin necesidad de soldadura.<br>\u2714\ufe0f <strong>Acabado est\u00e9tico profesional<\/strong> \u2013 Proporciona una apariencia limpia, moderna y adaptable a cualquier entorno de planta.<br>\u2714\ufe0f <strong>Facilidad de mantenimiento<\/strong> \u2013 Superficies lisas y resistentes que requieren poco cuidado.<br>\u2714\ufe0f <strong>Compatibilidad con accesorios est\u00e1ndar<\/strong> \u2013 Permite integrar f\u00e1cilmente ruedas, conexiones, paneles y m\u00e1s.<\/p>\n<\/div><\/div><\/div>\n\n\n\n<div class=\"wp-block-kadence-pane kt-accordion-pane kt-accordion-pane-3 kt-pane82_26c879-96 gtfy-22\"><div class=\"kt-accordion-header-wrap\"><button class=\"kt-blocks-accordion-header kt-acccordion-button-label-show\" type=\"button\"><span class=\"kt-blocks-accordion-title-wrap\"><span class=\"kt-blocks-accordion-title\"><strong>\u00bfPor qu\u00e9 elegirnos?<\/strong><\/span><\/span><span class=\"kt-blocks-accordion-icon-trigger\"><\/span><\/button><\/div><div class=\"kt-accordion-panel kt-accordion-panel-hidden\"><div class=\"kt-accordion-panel-inner\">\n<p class=\"gtfy-21\">\u2714\ufe0f <strong>Dise\u00f1o personalizado por proyecto<\/strong><br>\u2714\ufe0f <strong>Calidad respaldada por experiencia<\/strong><br>\u2714\ufe0f <strong>Materiales industriales de alto desempe\u00f1o<\/strong><br>\u2714\ufe0f <strong>Fabricaci\u00f3n enfocada en eficiencia y seguridad<\/strong><br>\u2714\ufe0f <strong>Instalaci\u00f3n r\u00e1pida y precisa en planta<\/strong><\/p>\n<\/div><\/div><\/div>\n<\/div><\/div><\/div>\n\n\n\n<figure class=\"wp-block-gallery has-nested-images columns-default is-cropped wp-block-gallery-38 is-layout-flex wp-block-gallery-is-layout-flex gtfy-39\">\n<figure class=\"wp-block-image size-large gtfy-26\"><img loading=\"lazy\" decoding=\"async\" width=\"679\" height=\"1024\" data-id=\"150\" src=\"https:\/\/iasrr.com\/2025\/wp-content\/uploads\/2025\/03\/rack-679x1024.jpeg\" alt=\"\" class=\"wp-image-150\" srcset=\"https:\/\/iasrr.com\/2025\/wp-content\/uploads\/2025\/03\/rack-679x1024.jpeg 679w, https:\/\/iasrr.com\/2025\/wp-content\/uploads\/2025\/03\/rack-199x300.jpeg 199w, https:\/\/iasrr.com\/2025\/wp-content\/uploads\/2025\/03\/rack.jpeg 723w\" sizes=\"auto, (max-width: 679px) 100vw, 679px\" \/><\/figure>\n\n\n\n<figure class=\"wp-block-image size-large gtfy-27\"><img loading=\"lazy\" decoding=\"async\" width=\"768\" height=\"1024\" data-id=\"154\" src=\"https:\/\/iasrr.com\/2025\/wp-content\/uploads\/2025\/03\/WhatsApp-Image-2024-12-19-at-4.33.43-PM-768x1024.jpeg\" alt=\"\" class=\"wp-image-154\" srcset=\"https:\/\/iasrr.com\/2025\/wp-content\/uploads\/2025\/03\/WhatsApp-Image-2024-12-19-at-4.33.43-PM-768x1024.jpeg 768w, https:\/\/iasrr.com\/2025\/wp-content\/uploads\/2025\/03\/WhatsApp-Image-2024-12-19-at-4.33.43-PM-225x300.jpeg 225w, https:\/\/iasrr.com\/2025\/wp-content\/uploads\/2025\/03\/WhatsApp-Image-2024-12-19-at-4.33.43-PM-1152x1536.jpeg 1152w, https:\/\/iasrr.com\/2025\/wp-content\/uploads\/2025\/03\/WhatsApp-Image-2024-12-19-at-4.33.43-PM.jpeg 1200w\" sizes=\"auto, (max-width: 768px) 100vw, 768px\" \/><\/figure>\n\n\n\n<figure class=\"wp-block-image size-large gtfy-28\"><img loading=\"lazy\" decoding=\"async\" width=\"478\" height=\"1024\" data-id=\"166\" src=\"https:\/\/iasrr.com\/2025\/wp-content\/uploads\/2025\/03\/WhatsApp-Image-2025-01-14-at-2.04.38-PM-3-478x1024.jpeg\" alt=\"\" class=\"wp-image-166\" srcset=\"https:\/\/iasrr.com\/2025\/wp-content\/uploads\/2025\/03\/WhatsApp-Image-2025-01-14-at-2.04.38-PM-3-478x1024.jpeg 478w, https:\/\/iasrr.com\/2025\/wp-content\/uploads\/2025\/03\/WhatsApp-Image-2025-01-14-at-2.04.38-PM-3-140x300.jpeg 140w, https:\/\/iasrr.com\/2025\/wp-content\/uploads\/2025\/03\/WhatsApp-Image-2025-01-14-at-2.04.38-PM-3-717x1536.jpeg 717w, https:\/\/iasrr.com\/2025\/wp-content\/uploads\/2025\/03\/WhatsApp-Image-2025-01-14-at-2.04.38-PM-3.jpeg 747w\" sizes=\"auto, (max-width: 478px) 100vw, 478px\" \/><\/figure>\n\n\n\n<figure class=\"wp-block-image size-large gtfy-29\"><img loading=\"lazy\" decoding=\"async\" width=\"478\" height=\"1024\" data-id=\"153\" src=\"https:\/\/iasrr.com\/2025\/wp-content\/uploads\/2025\/03\/WhatsApp-Image-2025-01-14-at-2.04.35-PM-2-478x1024.jpeg\" alt=\"\" class=\"wp-image-153\" srcset=\"https:\/\/iasrr.com\/2025\/wp-content\/uploads\/2025\/03\/WhatsApp-Image-2025-01-14-at-2.04.35-PM-2-478x1024.jpeg 478w, https:\/\/iasrr.com\/2025\/wp-content\/uploads\/2025\/03\/WhatsApp-Image-2025-01-14-at-2.04.35-PM-2-140x300.jpeg 140w, https:\/\/iasrr.com\/2025\/wp-content\/uploads\/2025\/03\/WhatsApp-Image-2025-01-14-at-2.04.35-PM-2-717x1536.jpeg 717w, https:\/\/iasrr.com\/2025\/wp-content\/uploads\/2025\/03\/WhatsApp-Image-2025-01-14-at-2.04.35-PM-2.jpeg 747w\" sizes=\"auto, (max-width: 478px) 100vw, 478px\" \/><\/figure>\n\n\n\n<figure class=\"wp-block-image size-large gtfy-30\"><img loading=\"lazy\" decoding=\"async\" width=\"478\" height=\"1024\" data-id=\"152\" src=\"https:\/\/iasrr.com\/2025\/wp-content\/uploads\/2025\/03\/WhatsApp-Image-2025-01-14-at-2.04.36-PM-2-478x1024.jpeg\" alt=\"\" class=\"wp-image-152\" srcset=\"https:\/\/iasrr.com\/2025\/wp-content\/uploads\/2025\/03\/WhatsApp-Image-2025-01-14-at-2.04.36-PM-2-478x1024.jpeg 478w, https:\/\/iasrr.com\/2025\/wp-content\/uploads\/2025\/03\/WhatsApp-Image-2025-01-14-at-2.04.36-PM-2-140x300.jpeg 140w, https:\/\/iasrr.com\/2025\/wp-content\/uploads\/2025\/03\/WhatsApp-Image-2025-01-14-at-2.04.36-PM-2-717x1536.jpeg 717w, https:\/\/iasrr.com\/2025\/wp-content\/uploads\/2025\/03\/WhatsApp-Image-2025-01-14-at-2.04.36-PM-2.jpeg 747w\" sizes=\"auto, (max-width: 478px) 100vw, 478px\" \/><\/figure>\n\n\n\n<figure class=\"wp-block-image size-large gtfy-31\"><img loading=\"lazy\" decoding=\"async\" width=\"478\" height=\"1024\" data-id=\"164\" src=\"https:\/\/iasrr.com\/2025\/wp-content\/uploads\/2025\/03\/WhatsApp-Image-2025-01-14-at-2.04.36-PM-1-478x1024.jpeg\" alt=\"\" class=\"wp-image-164\" srcset=\"https:\/\/iasrr.com\/2025\/wp-content\/uploads\/2025\/03\/WhatsApp-Image-2025-01-14-at-2.04.36-PM-1-478x1024.jpeg 478w, https:\/\/iasrr.com\/2025\/wp-content\/uploads\/2025\/03\/WhatsApp-Image-2025-01-14-at-2.04.36-PM-1-140x300.jpeg 140w, https:\/\/iasrr.com\/2025\/wp-content\/uploads\/2025\/03\/WhatsApp-Image-2025-01-14-at-2.04.36-PM-1-717x1536.jpeg 717w, https:\/\/iasrr.com\/2025\/wp-content\/uploads\/2025\/03\/WhatsApp-Image-2025-01-14-at-2.04.36-PM-1.jpeg 747w\" sizes=\"auto, (max-width: 478px) 100vw, 478px\" \/><\/figure>\n\n\n\n<figure class=\"wp-block-image size-large gtfy-32\"><img loading=\"lazy\" decoding=\"async\" width=\"478\" height=\"1024\" data-id=\"155\" src=\"https:\/\/iasrr.com\/2025\/wp-content\/uploads\/2025\/03\/WhatsApp-Image-2025-01-14-at-2.04.38-PM-1-478x1024.jpeg\" alt=\"\" class=\"wp-image-155\" srcset=\"https:\/\/iasrr.com\/2025\/wp-content\/uploads\/2025\/03\/WhatsApp-Image-2025-01-14-at-2.04.38-PM-1-478x1024.jpeg 478w, https:\/\/iasrr.com\/2025\/wp-content\/uploads\/2025\/03\/WhatsApp-Image-2025-01-14-at-2.04.38-PM-1-140x300.jpeg 140w, https:\/\/iasrr.com\/2025\/wp-content\/uploads\/2025\/03\/WhatsApp-Image-2025-01-14-at-2.04.38-PM-1-717x1536.jpeg 717w, https:\/\/iasrr.com\/2025\/wp-content\/uploads\/2025\/03\/WhatsApp-Image-2025-01-14-at-2.04.38-PM-1.jpeg 747w\" sizes=\"auto, (max-width: 478px) 100vw, 478px\" \/><\/figure>\n\n\n\n<figure class=\"wp-block-image size-large gtfy-33\"><img loading=\"lazy\" decoding=\"async\" width=\"478\" height=\"1024\" data-id=\"159\" src=\"https:\/\/iasrr.com\/2025\/wp-content\/uploads\/2025\/03\/WhatsApp-Image-2025-01-14-at-2.04.38-PM-2-478x1024.jpeg\" alt=\"\" class=\"wp-image-159\" srcset=\"https:\/\/iasrr.com\/2025\/wp-content\/uploads\/2025\/03\/WhatsApp-Image-2025-01-14-at-2.04.38-PM-2-478x1024.jpeg 478w, https:\/\/iasrr.com\/2025\/wp-content\/uploads\/2025\/03\/WhatsApp-Image-2025-01-14-at-2.04.38-PM-2-140x300.jpeg 140w, https:\/\/iasrr.com\/2025\/wp-content\/uploads\/2025\/03\/WhatsApp-Image-2025-01-14-at-2.04.38-PM-2-717x1536.jpeg 717w, https:\/\/iasrr.com\/2025\/wp-content\/uploads\/2025\/03\/WhatsApp-Image-2025-01-14-at-2.04.38-PM-2.jpeg 747w\" sizes=\"auto, (max-width: 478px) 100vw, 478px\" \/><\/figure>\n\n\n\n<figure class=\"wp-block-image size-large gtfy-34\"><img loading=\"lazy\" decoding=\"async\" width=\"768\" height=\"1024\" data-id=\"157\" src=\"https:\/\/iasrr.com\/2025\/wp-content\/uploads\/2025\/03\/WhatsApp-Image-2025-01-14-at-2.04.38-PM-4-768x1024.jpeg\" alt=\"\" class=\"wp-image-157\" srcset=\"https:\/\/iasrr.com\/2025\/wp-content\/uploads\/2025\/03\/WhatsApp-Image-2025-01-14-at-2.04.38-PM-4-768x1024.jpeg 768w, https:\/\/iasrr.com\/2025\/wp-content\/uploads\/2025\/03\/WhatsApp-Image-2025-01-14-at-2.04.38-PM-4-225x300.jpeg 225w, https:\/\/iasrr.com\/2025\/wp-content\/uploads\/2025\/03\/WhatsApp-Image-2025-01-14-at-2.04.38-PM-4-1152x1536.jpeg 1152w, https:\/\/iasrr.com\/2025\/wp-content\/uploads\/2025\/03\/WhatsApp-Image-2025-01-14-at-2.04.38-PM-4.jpeg 1200w\" sizes=\"auto, (max-width: 768px) 100vw, 768px\" \/><\/figure>\n\n\n\n<figure class=\"wp-block-image size-large gtfy-35\"><img loading=\"lazy\" decoding=\"async\" width=\"1024\" height=\"768\" data-id=\"158\" src=\"https:\/\/iasrr.com\/2025\/wp-content\/uploads\/2025\/03\/WhatsApp-Image-2025-01-14-at-2.04.38-PM-1024x768.jpeg\" alt=\"\" class=\"wp-image-158\" srcset=\"https:\/\/iasrr.com\/2025\/wp-content\/uploads\/2025\/03\/WhatsApp-Image-2025-01-14-at-2.04.38-PM-1024x768.jpeg 1024w, https:\/\/iasrr.com\/2025\/wp-content\/uploads\/2025\/03\/WhatsApp-Image-2025-01-14-at-2.04.38-PM-300x225.jpeg 300w, https:\/\/iasrr.com\/2025\/wp-content\/uploads\/2025\/03\/WhatsApp-Image-2025-01-14-at-2.04.38-PM-768x576.jpeg 768w, https:\/\/iasrr.com\/2025\/wp-content\/uploads\/2025\/03\/WhatsApp-Image-2025-01-14-at-2.04.38-PM-1536x1152.jpeg 1536w, https:\/\/iasrr.com\/2025\/wp-content\/uploads\/2025\/03\/WhatsApp-Image-2025-01-14-at-2.04.38-PM.jpeg 1600w\" sizes=\"auto, (max-width: 1024px) 100vw, 1024px\" \/><\/figure>\n\n\n\n<figure class=\"wp-block-image size-large gtfy-36\"><img loading=\"lazy\" decoding=\"async\" width=\"1024\" height=\"768\" data-id=\"160\" src=\"https:\/\/iasrr.com\/2025\/wp-content\/uploads\/2025\/03\/WhatsApp-Image-2025-01-14-at-2.04.39-PM-2-1024x768.jpeg\" alt=\"\" class=\"wp-image-160\" srcset=\"https:\/\/iasrr.com\/2025\/wp-content\/uploads\/2025\/03\/WhatsApp-Image-2025-01-14-at-2.04.39-PM-2-1024x768.jpeg 1024w, https:\/\/iasrr.com\/2025\/wp-content\/uploads\/2025\/03\/WhatsApp-Image-2025-01-14-at-2.04.39-PM-2-300x225.jpeg 300w, https:\/\/iasrr.com\/2025\/wp-content\/uploads\/2025\/03\/WhatsApp-Image-2025-01-14-at-2.04.39-PM-2-768x576.jpeg 768w, https:\/\/iasrr.com\/2025\/wp-content\/uploads\/2025\/03\/WhatsApp-Image-2025-01-14-at-2.04.39-PM-2.jpeg 1280w\" sizes=\"auto, (max-width: 1024px) 100vw, 1024px\" \/><\/figure>\n\n\n\n<figure class=\"wp-block-image size-large gtfy-37\"><img loading=\"lazy\" decoding=\"async\" width=\"1024\" height=\"768\" data-id=\"156\" src=\"https:\/\/iasrr.com\/2025\/wp-content\/uploads\/2025\/03\/WhatsApp-Image-2025-01-14-at-2.04.39-PM-4-1024x768.jpeg\" alt=\"\" class=\"wp-image-156\" srcset=\"https:\/\/iasrr.com\/2025\/wp-content\/uploads\/2025\/03\/WhatsApp-Image-2025-01-14-at-2.04.39-PM-4-1024x768.jpeg 1024w, https:\/\/iasrr.com\/2025\/wp-content\/uploads\/2025\/03\/WhatsApp-Image-2025-01-14-at-2.04.39-PM-4-300x225.jpeg 300w, https:\/\/iasrr.com\/2025\/wp-content\/uploads\/2025\/03\/WhatsApp-Image-2025-01-14-at-2.04.39-PM-4-768x576.jpeg 768w, https:\/\/iasrr.com\/2025\/wp-content\/uploads\/2025\/03\/WhatsApp-Image-2025-01-14-at-2.04.39-PM-4.jpeg 1280w\" sizes=\"auto, (max-width: 1024px) 100vw, 1024px\" \/><\/figure>\n<\/figure>\n\n\n\n<p class=\"gtfy-42\"><strong><a href=\"https:\/\/iasrr.com\/2025\/contact\/\" data-type=\"page\" data-id=\"35\">Cont\u00e1ctanos para cotizar tu pr\u00f3xima soluci\u00f3n industrial. Fabricamos con calidad, precisi\u00f3n y enfoque en resultados.<\/a><\/strong><\/p>\n","protected":false},"excerpt":{"rendered":"<p>Fabricaciones Industriales en Aluminio Extruido, Pl\u00e1sticos de Ingenier\u00eda y Acero Inoxidable En Industrial Automation Supply, [&hellip;]<\/p>\n","protected":false},"author":1,"featured_media":0,"parent":0,"menu_order":0,"comment_status":"closed","ping_status":"closed","template":"","meta":{"_gutenify_countdown_timer_type":"fixed","_gutenify_countdown_timer_evergreen_hours":24,"_gutenify_countdown_timer_evergreen_minutes":0,"_gutenify_countdown_timer_date":"","_gutenify_countdown_timer_timezone":"US\/Eastern","_gutenify_countdown_timer_end_action":"none","_gutenify_countdown_timer_hide_selector":"","_gutenify_countdown_timer_redirect_url":"","footnotes":""},"class_list":["post-82","page","type-page","status-publish","hentry"],"_links":{"self":[{"href":"https:\/\/iasrr.com\/2025\/wp-json\/wp\/v2\/pages\/82","targetHints":{"allow":["GET"]}}],"collection":[{"href":"https:\/\/iasrr.com\/2025\/wp-json\/wp\/v2\/pages"}],"about":[{"href":"https:\/\/iasrr.com\/2025\/wp-json\/wp\/v2\/types\/page"}],"author":[{"embeddable":true,"href":"https:\/\/iasrr.com\/2025\/wp-json\/wp\/v2\/users\/1"}],"replies":[{"embeddable":true,"href":"https:\/\/iasrr.com\/2025\/wp-json\/wp\/v2\/comments?post=82"}],"version-history":[{"count":10,"href":"https:\/\/iasrr.com\/2025\/wp-json\/wp\/v2\/pages\/82\/revisions"}],"predecessor-version":[{"id":238,"href":"https:\/\/iasrr.com\/2025\/wp-json\/wp\/v2\/pages\/82\/revisions\/238"}],"wp:attachment":[{"href":"https:\/\/iasrr.com\/2025\/wp-json\/wp\/v2\/media?parent=82"}],"curies":[{"name":"wp","href":"https:\/\/api.w.org\/{rel}","templated":true}]}}