{"id":84,"date":"2025-03-19T16:01:08","date_gmt":"2025-03-19T16:01:08","guid":{"rendered":"https:\/\/iasrr.com\/2025\/?page_id=84"},"modified":"2025-04-04T19:05:02","modified_gmt":"2025-04-04T19:05:02","slug":"accesorios","status":"publish","type":"page","link":"https:\/\/iasrr.com\/2025\/accesorios\/","title":{"rendered":"Accesorios"},"content":{"rendered":"\n<figure class=\"wp-block-image size-full gtfy-1\"><img loading=\"lazy\" decoding=\"async\" width=\"958\" height=\"306\" src=\"https:\/\/iasrr.com\/2025\/wp-content\/uploads\/2025\/04\/accesorios.jpg\" alt=\"\" class=\"wp-image-231\" srcset=\"https:\/\/iasrr.com\/2025\/wp-content\/uploads\/2025\/04\/accesorios.jpg 958w, https:\/\/iasrr.com\/2025\/wp-content\/uploads\/2025\/04\/accesorios-300x96.jpg 300w, https:\/\/iasrr.com\/2025\/wp-content\/uploads\/2025\/04\/accesorios-768x245.jpg 768w\" sizes=\"auto, (max-width: 958px) 100vw, 958px\" \/><\/figure>\n\n\n<div class=\"gtfy-2 gtfy-3\" align=\"center\">\n<table border=\"0\" width=\"900\">\n<tbody>\n<tr>\n<td rowspan=\"2\" width=\"145\"><img loading=\"lazy\" decoding=\"async\" src=\"https:\/\/iasrr.com\/2025\/wp-content\/uploads\/2025\/03\/ec-floor-elements.png\" width=\"145\" height=\"145\" \/><\/td>\n<td width=\"803\"><b>SISTEMAS DE SUJECION AL PISO<\/b><\/td>\n<\/tr>\n<tr>\n<td class=\"txt\">Los pies niveladores FATH est\u00e1n disponibles en m\u00e1s de 20.000 variantes. Tambi\u00e9n encontrar\u00e1 todo lo necesario para colocar objetos en el suelo: Ruedas giratorias &#8211; con o sin pie elevador, soportes de suelo y casquillos roscados.<\/td>\n<\/tr>\n<tr>\n<td rowspan=\"2\"><img decoding=\"async\" src=\"https:\/\/iasrr.com\/2025\/wp-content\/uploads\/2025\/03\/hinges.png\" height=\"147\" \/><\/td>\n<td><b>BISAGRAS<\/b><\/td>\n<\/tr>\n<tr>\n<td>FATH fabrica las bisagras en pl\u00e1stico, fundici\u00f3n inyectada de zinc o aluminio. Con las bisagras Combi, puede elegir entre 8 dimensiones diferentes para ambas alas; simplemente comb\u00ednelas para adaptarlas a su aplicaci\u00f3n.<\/td>\n<\/tr>\n<tr>\n<td rowspan=\"2\"><img loading=\"lazy\" decoding=\"async\" src=\"https:\/\/iasrr.com\/2025\/wp-content\/uploads\/2025\/03\/t-nuts-and-t-bolts.png\" width=\"145\" height=\"147\" \/><\/td>\n<td><b>TUERCAS EN T Y TORNILLOS EN T<\/b><\/td>\n<\/tr>\n<tr>\n<td>En FATH encontrar\u00e1 tuercas para ranura en T, tuercas martillo y tornillos martillo adecuados en acero y acero inoxidable para cada perfil de aluminio ranurado est\u00e1ndar. Tambi\u00e9n disponemos de otros componentes innovadores para la fijaci\u00f3n en la ranura del perfil.<\/td>\n<\/tr>\n<tr>\n<td rowspan=\"2\"><img loading=\"lazy\" decoding=\"async\" src=\"https:\/\/iasrr.com\/2025\/wp-content\/uploads\/2025\/03\/connecting-systems.png\" width=\"145\" height=\"147\" \/><\/td>\n<td><b>SISTEMAS DE CONEXION<\/b><\/td>\n<\/tr>\n<tr>\n<td>FATH ofrece una amplia gama de conexiones flexibles y estables para todos los perfiles de sistemas de aluminio. Seleccione los \u00e1ngulos, juntas y conectores de acero y aluminio \u00f3ptimos para su aplicaci\u00f3n.<\/td>\n<\/tr>\n<tr>\n<td rowspan=\"2\"><img loading=\"lazy\" decoding=\"async\" src=\"https:\/\/iasrr.com\/2025\/wp-content\/uploads\/2025\/03\/handles-and-latches.png\" width=\"145\" height=\"147\" \/><\/td>\n<td><b>ASAS Y CIERRES<\/b><\/td>\n<\/tr>\n<tr>\n<td>Depende de sus preferencias si elige una de las asas est\u00e1ndar o un sistema FATH o asa confort. Tambi\u00e9n ofrecemos una amplia gama de cierres de golpe, cierres magn\u00e9ticos y cierres de bola para satisfacer sus necesidades de cierre.<\/td>\n<\/tr>\n<tr>\n<td rowspan=\"2\"><img loading=\"lazy\" decoding=\"async\" src=\"https:\/\/iasrr.com\/2025\/wp-content\/uploads\/2025\/03\/components-for-work-stations.png\" width=\"145\" height=\"147\" \/><\/td>\n<td><b>COMPONENTES PARA ESTACIONES DE TRABAJO<\/b><\/td>\n<\/tr>\n<tr>\n<td>FATH tiene todo lo que necesita para construir puestos de trabajo y estaciones de montaje. Aqu\u00ed encontrar\u00e1 el equipamiento necesario para proporcionar material y herramientas, soportes para monitores, brazos giratorios y muchos otros componentes \u00fatiles.<\/td>\n<\/tr>\n<tr>\n<td rowspan=\"2\"><img loading=\"lazy\" decoding=\"async\" src=\"https:\/\/iasrr.com\/2025\/wp-content\/uploads\/2025\/03\/sliders-and-rollers.png\" width=\"145\" height=\"147\" \/><\/td>\n<td><b>CORREDERAS Y RODILLOS<\/b><\/td>\n<\/tr>\n<tr>\n<td>FATH no s\u00f3lo ofrece rodillos perfilados en muchas dimensiones diferentes, sino tambi\u00e9n una amplia gama de correderas de pl\u00e1stico y metal, tambi\u00e9n con bloqueo. Lo que necesite para guiar m\u00f3viles, lo encontrar\u00e1 aqu\u00ed.<\/td>\n<\/tr>\n<tr>\n<td rowspan=\"2\"><img loading=\"lazy\" decoding=\"async\" src=\"https:\/\/iasrr.com\/2025\/wp-content\/uploads\/2025\/03\/conveyors.png\" width=\"145\" height=\"147\" \/><\/td>\n<td><b>TRANSPORTADORES<\/b><\/td>\n<\/tr>\n<tr>\n<td>Para v\u00edas de rodillos, por ejemplo para el suministro de material, FATH ofrece diferentes sistemas y componentes: Tambi\u00e9n hay disponibles v\u00edas de rodillos de acero y aluminio, incluida una amplia gama de accesorios, as\u00ed como elementos de rodillos dise\u00f1ados para un montaje sin herramientas.<\/td>\n<\/tr>\n<tr>\n<td rowspan=\"2\"><img loading=\"lazy\" decoding=\"async\" src=\"https:\/\/iasrr.com\/2025\/wp-content\/uploads\/2025\/03\/guards-partitions.png\" width=\"145\" height=\"147\" \/><\/td>\n<td><b>CERRAMIENTOS, PROTECCIONES, PARTICIONES<\/b><\/td>\n<\/tr>\n<tr>\n<td>Lo que necesite para crear un cerramiento o una valla de seguridad, FATH lo tiene. Una amplia gama de soportes para elementos de malla met\u00e1lica tejida y paneles se complementa con placas de sujeci\u00f3n y suspensiones de marcos.<\/td>\n<\/tr>\n<tr>\n<td rowspan=\"2\"><img loading=\"lazy\" decoding=\"async\" src=\"https:\/\/iasrr.com\/2025\/wp-content\/uploads\/2025\/03\/panel-fasteners.png\" width=\"145\" height=\"147\" \/><\/td>\n<td><b>FIJACIONES PARA PANELES<\/b><\/td>\n<\/tr>\n<tr>\n<td>\u00bfConoce el Uniblock, el Vario Block o el Fixation Block? Estos componentes FATH y muchos otros le ayudan a fijar elementos de panel a estructuras. Incluyen perfiles reductores que se pueden insertar en todas las ranuras de perfil habituales.<\/td>\n<\/tr>\n<tr>\n<td rowspan=\"2\"><img loading=\"lazy\" decoding=\"async\" src=\"https:\/\/iasrr.com\/2025\/wp-content\/uploads\/2025\/03\/cover-elements.png\" width=\"145\" height=\"147\" \/><\/td>\n<td><b>ELEMENTOS DE CUBIERTA<\/b><\/td>\n<\/tr>\n<tr>\n<td>Las ranuras abiertas de los perfiles de aluminio pueden cubrirse con elementos de cubierta FATH, que resultan agradables a la vista y reducen la acumulaci\u00f3n de polvo. Est\u00e1n disponibles en versiones enchufables y atornillables, tal como las necesita.<\/td>\n<\/tr>\n<tr>\n<td rowspan=\"2\"><img loading=\"lazy\" decoding=\"async\" src=\"https:\/\/iasrr.com\/2025\/wp-content\/uploads\/2025\/03\/cable-management.png\" width=\"145\" height=\"147\" \/><\/td>\n<td><b>GESTION DE CABLES<\/b><\/td>\n<\/tr>\n<tr>\n<td>Fijar cables y mangueras a estructuras de perfil es f\u00e1cil con componentes de FATH. Hay disponibles varios tipos de bloques de fijaci\u00f3n de cables, para sujetar mediante un giro de 90\u00b0 o para atornillar.<\/td>\n<\/tr>\n<tr>\n<td rowspan=\"2\"><img loading=\"lazy\" decoding=\"async\" src=\"https:\/\/iasrr.com\/2025\/wp-content\/uploads\/2025\/03\/miscellaneous-components.png\" width=\"145\" height=\"147\" \/><\/td>\n<td><b>VARIOS COMPONENTES<\/b><\/td>\n<\/tr>\n<tr>\n<td>Aqu\u00ed hemos reunido todos los componentes FATH que no encajan en ninguno de los otros cap\u00edtulos. Esto incluye conectores de puesta a tierra, arandelas antip\u00e9rdida (para tornillos cautivos), cepillos de banda y otras cosas \u00fatiles.<\/td>\n<\/tr>\n<tr>\n<td rowspan=\"2\"><img loading=\"lazy\" decoding=\"async\" src=\"https:\/\/iasrr.com\/2025\/wp-content\/uploads\/2025\/03\/tubular-frame-components.png\" width=\"145\" height=\"147\" \/><\/td>\n<td><b>COMPONENTES DE BASTIDOR TUBULAR<\/b><\/td>\n<\/tr>\n<tr>\n<td>Los perfiles de bastidor tubular de aluminio D28 o D30 se han convertido en parte integrante de las modernas f\u00e1bricas esbeltas. FATH tiene todo lo que necesita: conectores, tapas de cubierta, soportes y otros accesorios que facilitan la construcci\u00f3n de estructuras estables y funcionales.<\/td>\n<\/tr>\n<\/tbody>\n<\/table>\n<\/div>","protected":false},"excerpt":{"rendered":"<p>SISTEMAS DE SUJECION AL PISO Los pies niveladores FATH est\u00e1n disponibles en m\u00e1s de 20.000 [&hellip;]<\/p>\n","protected":false},"author":1,"featured_media":0,"parent":0,"menu_order":0,"comment_status":"closed","ping_status":"closed","template":"","meta":{"_gutenify_countdown_timer_type":"fixed","_gutenify_countdown_timer_evergreen_hours":24,"_gutenify_countdown_timer_evergreen_minutes":0,"_gutenify_countdown_timer_date":"","_gutenify_countdown_timer_timezone":"US\/Eastern","_gutenify_countdown_timer_end_action":"none","_gutenify_countdown_timer_hide_selector":"","_gutenify_countdown_timer_redirect_url":"","footnotes":""},"class_list":["post-84","page","type-page","status-publish","hentry"],"_links":{"self":[{"href":"https:\/\/iasrr.com\/2025\/wp-json\/wp\/v2\/pages\/84","targetHints":{"allow":["GET"]}}],"collection":[{"href":"https:\/\/iasrr.com\/2025\/wp-json\/wp\/v2\/pages"}],"about":[{"href":"https:\/\/iasrr.com\/2025\/wp-json\/wp\/v2\/types\/page"}],"author":[{"embeddable":true,"href":"https:\/\/iasrr.com\/2025\/wp-json\/wp\/v2\/users\/1"}],"replies":[{"embeddable":true,"href":"https:\/\/iasrr.com\/2025\/wp-json\/wp\/v2\/comments?post=84"}],"version-history":[{"count":10,"href":"https:\/\/iasrr.com\/2025\/wp-json\/wp\/v2\/pages\/84\/revisions"}],"predecessor-version":[{"id":234,"href":"https:\/\/iasrr.com\/2025\/wp-json\/wp\/v2\/pages\/84\/revisions\/234"}],"wp:attachment":[{"href":"https:\/\/iasrr.com\/2025\/wp-json\/wp\/v2\/media?parent=84"}],"curies":[{"name":"wp","href":"https:\/\/api.w.org\/{rel}","templated":true}]}}